{"id":7972,"date":"2022-09-16T01:08:45","date_gmt":"2022-09-15T18:08:45","guid":{"rendered":"https:\/\/quanhelaodong.gov.vn\/?page_id=7972"},"modified":"2024-11-08T15:59:10","modified_gmt":"2024-11-08T08:59:10","slug":"tai-lieu-khac","status":"publish","type":"page","link":"https:\/\/quanhelaodong.moha.gov.vn\/?page_id=7972","title":{"rendered":"T\u00e0i li\u1ec7u kh\u00e1c"},"content":{"rendered":"\t\t<div data-elementor-type=\"wp-post\" data-elementor-id=\"7972\" class=\"elementor elementor-7972\">\n\t\t\t\t\t\t<header class=\"elementor-section elementor-top-section elementor-element elementor-element-29ea5d6f elementor-section-full_width elementor-section-height-min-height elementor-section-content-middle elementor-section-height-default elementor-section-items-middle\" data-id=\"29ea5d6f\" data-element_type=\"section\" data-e-type=\"section\">\n\t\t\t\t\t\t<div class=\"elementor-container elementor-column-gap-no\">\n\t\t\t\t\t<div class=\"elementor-column elementor-col-100 elementor-top-column elementor-element elementor-element-30549c39\" data-id=\"30549c39\" data-element_type=\"column\" data-e-type=\"column\">\n\t\t\t<div class=\"elementor-widget-wrap elementor-element-populated\">\n\t\t\t\t\t\t<div class=\"elementor-element elementor-element-dddc86a elementor-widget elementor-widget-image\" data-id=\"dddc86a\" data-element_type=\"widget\" data-e-type=\"widget\" data-widget_type=\"image.default\">\n\t\t\t\t<div class=\"elementor-widget-container\">\n\t\t\t\t\t\t\t\t\t\t\t\t\t\t\t<img decoding=\"async\" src=\"https:\/\/quanhelaodong.moha.gov.vn\/wp-content\/uploads\/elementor\/thumbs\/Anh_Trang-tai-lieu-khac-r9upbqfh0buga51ru8pv8wzacdj21bknufc6opghqo.jpg\" title=\"\u1ea2nh_Trang t\u00e0i li\u1ec7u kh\u00e1c\" alt=\"\u1ea2nh_Trang t\u00e0i li\u1ec7u kh\u00e1c\" loading=\"lazy\" \/>\t\t\t\t\t\t\t\t\t\t\t\t\t\t\t<\/div>\n\t\t\t\t<\/div>\n\t\t\t\t\t<\/div>\n\t\t<\/div>\n\t\t\t\t\t<\/div>\n\t\t<\/header>\n\t\t\t\t<section class=\"elementor-section elementor-top-section elementor-element elementor-element-26350cf elementor-section-boxed elementor-section-height-default elementor-section-height-default\" data-id=\"26350cf\" data-element_type=\"section\" data-e-type=\"section\">\n\t\t\t\t\t\t<div class=\"elementor-container elementor-column-gap-default\">\n\t\t\t\t\t<div class=\"elementor-column elementor-col-16 elementor-top-column elementor-element elementor-element-b489144\" data-id=\"b489144\" data-element_type=\"column\" data-e-type=\"column\">\n\t\t\t<div class=\"elementor-widget-wrap elementor-element-populated\">\n\t\t\t\t\t\t<div class=\"elementor-element elementor-element-a8b8d76 elementor-button-success elementor-align-left elementor-widget__width-initial elementor-widget elementor-widget-button\" data-id=\"a8b8d76\" data-element_type=\"widget\" data-e-type=\"widget\" data-widget_type=\"button.default\">\n\t\t\t\t<div class=\"elementor-widget-container\">\n\t\t\t\t\t\t\t\t\t<div class=\"elementor-button-wrapper\">\n\t\t\t\t\t<a class=\"elementor-button elementor-button-link elementor-size-sm\" href=\"https:\/\/quanhelaodong.molisa.gov.vn\/\" rel=\"noopener\">\n\t\t\t\t\t\t<span class=\"elementor-button-content-wrapper\">\n\t\t\t\t\t\t<span class=\"elementor-button-icon\">\n\t\t\t\t<i aria-hidden=\"true\" class=\"fas fa-angle-double-left\"><\/i>\t\t\t<\/span>\n\t\t\t\t\t\t\t\t\t<span class=\"elementor-button-text\">V\u1ec1 trang ch\u1ee7<\/span>\n\t\t\t\t\t<\/span>\n\t\t\t\t\t<\/a>\n\t\t\t\t<\/div>\n\t\t\t\t\t\t\t\t<\/div>\n\t\t\t\t<\/div>\n\t\t\t\t\t<\/div>\n\t\t<\/div>\n\t\t\t\t<div class=\"elementor-column elementor-col-16 elementor-top-column elementor-element elementor-element-5ba26d0\" data-id=\"5ba26d0\" data-element_type=\"column\" data-e-type=\"column\">\n\t\t\t<div class=\"elementor-widget-wrap\">\n\t\t\t\t\t\t\t<\/div>\n\t\t<\/div>\n\t\t\t\t<div class=\"elementor-column elementor-col-16 elementor-top-column elementor-element elementor-element-b569117\" data-id=\"b569117\" data-element_type=\"column\" data-e-type=\"column\">\n\t\t\t<div class=\"elementor-widget-wrap\">\n\t\t\t\t\t\t\t<\/div>\n\t\t<\/div>\n\t\t\t\t<div class=\"elementor-column elementor-col-16 elementor-top-column elementor-element elementor-element-541ec3e\" data-id=\"541ec3e\" data-element_type=\"column\" data-e-type=\"column\">\n\t\t\t<div class=\"elementor-widget-wrap\">\n\t\t\t\t\t\t\t<\/div>\n\t\t<\/div>\n\t\t\t\t<div class=\"elementor-column elementor-col-16 elementor-top-column elementor-element elementor-element-8505bd7\" data-id=\"8505bd7\" data-element_type=\"column\" data-e-type=\"column\">\n\t\t\t<div class=\"elementor-widget-wrap\">\n\t\t\t\t\t\t\t<\/div>\n\t\t<\/div>\n\t\t\t\t<div class=\"elementor-column elementor-col-16 elementor-top-column elementor-element elementor-element-e9eec0d\" data-id=\"e9eec0d\" data-element_type=\"column\" data-e-type=\"column\">\n\t\t\t<div class=\"elementor-widget-wrap\">\n\t\t\t\t\t\t\t<\/div>\n\t\t<\/div>\n\t\t\t\t\t<\/div>\n\t\t<\/section>\n\t\t\t\t<section class=\"elementor-section elementor-top-section elementor-element elementor-element-3432655d elementor-section-full_width elementor-section-height-default elementor-section-height-default\" data-id=\"3432655d\" data-element_type=\"section\" data-e-type=\"section\">\n\t\t\t\t\t\t<div class=\"elementor-container elementor-column-gap-no\">\n\t\t\t\t\t<div class=\"elementor-column elementor-col-100 elementor-top-column elementor-element elementor-element-21486b83\" data-id=\"21486b83\" data-element_type=\"column\" data-e-type=\"column\">\n\t\t\t<div class=\"elementor-widget-wrap elementor-element-populated\">\n\t\t\t\t\t\t<div class=\"elementor-element elementor-element-30375be2 elementor-widget elementor-widget-heading\" data-id=\"30375be2\" data-element_type=\"widget\" data-e-type=\"widget\" data-widget_type=\"heading.default\">\n\t\t\t\t<div class=\"elementor-widget-container\">\n\t\t\t\t\t<h2 class=\"elementor-heading-title elementor-size-default\">T\u00e0i li\u1ec7u kh\u00e1c<\/h2>\t\t\t\t<\/div>\n\t\t\t\t<\/div>\n\t\t\t\t<div class=\"elementor-element elementor-element-3a4f86d5 elementor-widget elementor-widget-text-editor\" data-id=\"3a4f86d5\" data-element_type=\"widget\" data-e-type=\"widget\" data-widget_type=\"text-editor.default\">\n\t\t\t\t<div class=\"elementor-widget-container\">\n\t\t\t\t\t\t\t\t\t<p>Ngu\u1ed3n d\u1eef li\u1ec7u: &#8230;<\/p>\t\t\t\t\t\t\t\t<\/div>\n\t\t\t\t<\/div>\n\t\t\t\t<section class=\"elementor-section elementor-inner-section elementor-element elementor-element-4b2ef29c elementor-section-full_width elementor-section-height-default elementor-section-height-default\" data-id=\"4b2ef29c\" data-element_type=\"section\" data-e-type=\"section\">\n\t\t\t\t\t\t<div class=\"elementor-container elementor-column-gap-no\">\n\t\t\t\t\t<div class=\"elementor-column elementor-col-25 elementor-inner-column elementor-element elementor-element-53a05b86\" data-id=\"53a05b86\" data-element_type=\"column\" data-e-type=\"column\">\n\t\t\t<div class=\"elementor-widget-wrap elementor-element-populated\">\n\t\t\t\t\t\t<div class=\"elementor-element elementor-element-4aefb516 elementor-position-top elementor-widget elementor-widget-image-box\" data-id=\"4aefb516\" data-element_type=\"widget\" data-e-type=\"widget\" data-widget_type=\"image-box.default\">\n\t\t\t\t<div class=\"elementor-widget-container\">\n\t\t\t\t\t<div class=\"elementor-image-box-wrapper\"><figure class=\"elementor-image-box-img\"><a href=\"https:\/\/quanhelaodong.gov.vn\/wp-content\/uploads\/2022\/09\/Sach_2019_1.pdf\" tabindex=\"-1\" rel=\"noopener\"><img fetchpriority=\"high\" decoding=\"async\" width=\"215\" height=\"300\" src=\"https:\/\/quanhelaodong.moha.gov.vn\/wp-content\/uploads\/2019\/09\/Anh_Sach_2019_1-215x300.png\" class=\"elementor-animation-grow attachment-medium size-medium wp-image-7949\" alt=\"\" srcset=\"https:\/\/quanhelaodong.moha.gov.vn\/wp-content\/uploads\/2019\/09\/Anh_Sach_2019_1-215x300.png 215w, https:\/\/quanhelaodong.moha.gov.vn\/wp-content\/uploads\/2019\/09\/Anh_Sach_2019_1.png 527w\" sizes=\"(max-width: 215px) 100vw, 215px\" \/><\/a><\/figure><div class=\"elementor-image-box-content\"><h4 class=\"elementor-image-box-title\"><a href=\"https:\/\/quanhelaodong.gov.vn\/wp-content\/uploads\/2022\/09\/Sach_2019_1.pdf\" rel=\"noopener\">M\u1edf r\u1ed9ng T\u01afL\u0110TT nh\u00f3m doanh nghi\u1ec7p<\/a><\/h4><p class=\"elementor-image-box-description\">T\u00e0i li\u1ec7u tham kh\u1ea3o<\/p><\/div><\/div>\t\t\t\t<\/div>\n\t\t\t\t<\/div>\n\t\t\t\t\t<\/div>\n\t\t<\/div>\n\t\t\t\t<div class=\"elementor-column elementor-col-25 elementor-inner-column elementor-element elementor-element-68afa4c6\" data-id=\"68afa4c6\" data-element_type=\"column\" data-e-type=\"column\">\n\t\t\t<div class=\"elementor-widget-wrap elementor-element-populated\">\n\t\t\t\t\t\t<div class=\"elementor-element elementor-element-66ab27e3 elementor-position-top elementor-widget elementor-widget-image-box\" data-id=\"66ab27e3\" data-element_type=\"widget\" data-e-type=\"widget\" data-widget_type=\"image-box.default\">\n\t\t\t\t<div class=\"elementor-widget-container\">\n\t\t\t\t\t<div class=\"elementor-image-box-wrapper\"><figure class=\"elementor-image-box-img\"><img decoding=\"async\" src=\"https:\/\/quanhelaodong.gov.vn\/wp-content\/uploads\/2022\/09\/Team.jpg\" title=\"\" alt=\"\" class=\"elementor-animation-grow\" loading=\"lazy\" \/><\/figure><div class=\"elementor-image-box-content\"><h4 class=\"elementor-image-box-title\">...<\/h4><p class=\"elementor-image-box-description\">...<\/p><\/div><\/div>\t\t\t\t<\/div>\n\t\t\t\t<\/div>\n\t\t\t\t\t<\/div>\n\t\t<\/div>\n\t\t\t\t<div class=\"elementor-column elementor-col-25 elementor-inner-column elementor-element elementor-element-38642926\" data-id=\"38642926\" data-element_type=\"column\" data-e-type=\"column\">\n\t\t\t<div class=\"elementor-widget-wrap elementor-element-populated\">\n\t\t\t\t\t\t<div class=\"elementor-element elementor-element-10dbfa2a elementor-position-top elementor-widget elementor-widget-image-box\" data-id=\"10dbfa2a\" data-element_type=\"widget\" data-e-type=\"widget\" data-widget_type=\"image-box.default\">\n\t\t\t\t<div class=\"elementor-widget-container\">\n\t\t\t\t\t<div class=\"elementor-image-box-wrapper\"><figure class=\"elementor-image-box-img\"><img decoding=\"async\" src=\"https:\/\/quanhelaodong.gov.vn\/wp-content\/uploads\/2022\/09\/Team.jpg\" title=\"\" alt=\"\" class=\"elementor-animation-grow\" loading=\"lazy\" \/><\/figure><div class=\"elementor-image-box-content\"><h4 class=\"elementor-image-box-title\">...<\/h4><p class=\"elementor-image-box-description\">...<\/p><\/div><\/div>\t\t\t\t<\/div>\n\t\t\t\t<\/div>\n\t\t\t\t\t<\/div>\n\t\t<\/div>\n\t\t\t\t<div class=\"elementor-column elementor-col-25 elementor-inner-column elementor-element elementor-element-3aedb437\" data-id=\"3aedb437\" data-element_type=\"column\" data-e-type=\"column\">\n\t\t\t<div class=\"elementor-widget-wrap elementor-element-populated\">\n\t\t\t\t\t\t<div class=\"elementor-element elementor-element-4feb6e0e elementor-position-top elementor-widget elementor-widget-image-box\" data-id=\"4feb6e0e\" data-element_type=\"widget\" data-e-type=\"widget\" data-widget_type=\"image-box.default\">\n\t\t\t\t<div class=\"elementor-widget-container\">\n\t\t\t\t\t<div class=\"elementor-image-box-wrapper\"><figure class=\"elementor-image-box-img\"><img decoding=\"async\" src=\"https:\/\/quanhelaodong.gov.vn\/wp-content\/uploads\/2022\/09\/Team.jpg\" title=\"\" alt=\"\" class=\"elementor-animation-grow\" loading=\"lazy\" \/><\/figure><div class=\"elementor-image-box-content\"><h4 class=\"elementor-image-box-title\">...<\/h4><p class=\"elementor-image-box-description\">...<\/p><\/div><\/div>\t\t\t\t<\/div>\n\t\t\t\t<\/div>\n\t\t\t\t\t<\/div>\n\t\t<\/div>\n\t\t\t\t\t<\/div>\n\t\t<\/section>\n\t\t\t\t\t<\/div>\n\t\t<\/div>\n\t\t\t\t\t<\/div>\n\t\t<\/section>\n\t\t\t\t<section class=\"elementor-section elementor-top-section elementor-element elementor-element-5e086d25 elementor-section-boxed elementor-section-height-default elementor-section-height-default\" data-id=\"5e086d25\" data-element_type=\"section\" data-e-type=\"section\">\n\t\t\t\t\t\t<div class=\"elementor-container elementor-column-gap-default\">\n\t\t\t\t\t<div class=\"elementor-column elementor-col-100 elementor-top-column elementor-element elementor-element-b9a2b5\" data-id=\"b9a2b5\" data-element_type=\"column\" data-e-type=\"column\">\n\t\t\t<div class=\"elementor-widget-wrap elementor-element-populated\">\n\t\t\t\t\t\t<div class=\"elementor-element elementor-element-1e774211 elementor-widget-divider--view-line elementor-widget elementor-widget-divider\" data-id=\"1e774211\" data-element_type=\"widget\" data-e-type=\"widget\" data-widget_type=\"divider.default\">\n\t\t\t\t<div class=\"elementor-widget-container\">\n\t\t\t\t\t\t\t<div class=\"elementor-divider\">\n\t\t\t<span class=\"elementor-divider-separator\">\n\t\t\t\t\t\t<\/span>\n\t\t<\/div>\n\t\t\t\t\t\t<\/div>\n\t\t\t\t<\/div>\n\t\t\t\t\t<\/div>\n\t\t<\/div>\n\t\t\t\t\t<\/div>\n\t\t<\/section>\n\t\t\t\t<section class=\"elementor-section elementor-top-section elementor-element elementor-element-169c4f03 elementor-section-content-middle elementor-section-boxed elementor-section-height-default elementor-section-height-default\" data-id=\"169c4f03\" data-element_type=\"section\" data-e-type=\"section\" data-settings=\"{&quot;background_background&quot;:&quot;classic&quot;}\">\n\t\t\t\t\t\t<div class=\"elementor-container elementor-column-gap-no\">\n\t\t\t\t\t<div class=\"elementor-column elementor-col-33 elementor-top-column elementor-element elementor-element-1a0df706\" data-id=\"1a0df706\" data-element_type=\"column\" data-e-type=\"column\">\n\t\t\t<div class=\"elementor-widget-wrap elementor-element-populated\">\n\t\t\t\t\t\t<div class=\"elementor-element elementor-element-7cdaf314 elementor-widget elementor-widget-image\" data-id=\"7cdaf314\" data-element_type=\"widget\" data-e-type=\"widget\" data-widget_type=\"image.default\">\n\t\t\t\t<div class=\"elementor-widget-container\">\n\t\t\t\t\t\t\t\t\t\t\t\t\t\t\t<img decoding=\"async\" width=\"300\" height=\"181\" src=\"https:\/\/quanhelaodong.moha.gov.vn\/wp-content\/uploads\/2022\/07\/Logo_CIRD_1-removebg-300x181.png\" class=\"attachment-medium size-medium wp-image-5878\" alt=\"\" srcset=\"https:\/\/quanhelaodong.moha.gov.vn\/wp-content\/uploads\/2022\/07\/Logo_CIRD_1-removebg-300x181.png 300w, https:\/\/quanhelaodong.moha.gov.vn\/wp-content\/uploads\/2022\/07\/Logo_CIRD_1-removebg-e1657083209425.png 115w\" sizes=\"(max-width: 300px) 100vw, 300px\" \/>\t\t\t\t\t\t\t\t\t\t\t\t\t\t\t<\/div>\n\t\t\t\t<\/div>\n\t\t\t\t\t<\/div>\n\t\t<\/div>\n\t\t\t\t<div class=\"elementor-column elementor-col-33 elementor-top-column elementor-element elementor-element-6f89ed07\" data-id=\"6f89ed07\" data-element_type=\"column\" data-e-type=\"column\">\n\t\t\t<div class=\"elementor-widget-wrap elementor-element-populated\">\n\t\t\t\t\t\t<div class=\"elementor-element elementor-element-16904ab elementor-widget__width-initial elementor-widget elementor-widget-text-editor\" data-id=\"16904ab\" data-element_type=\"widget\" data-e-type=\"widget\" data-widget_type=\"text-editor.default\">\n\t\t\t\t<div class=\"elementor-widget-container\">\n\t\t\t\t\t\t\t\t\t<h3 class=\"elementor-heading-title elementor-size-default elementor-inline-editing pen\" style=\"color: #0f27ba; font-family: 'Times New Roman'; text-align: start;\" data-elementor-setting-key=\"title\" data-pen-placeholder=\"G\u00f5 v\u00e0o \u0111\u00e2y...\"><span style=\"font-size: 12pt;\">Li\u00ean h\u1ec7:<\/span><\/h3><p style=\"text-align: left;\"><span style=\"color: #000080; font-size: 10pt;\">Trung t\u00e2m H\u1ed7 tr\u1ee3 ph\u00e1t tri\u1ec3n quan h\u1ec7 lao \u0111\u1ed9ng &#8211; C\u1ee5c Quan h\u1ec7 lao \u0111\u1ed9ng v\u00e0 Ti\u1ec1n l\u01b0\u01a1ng &#8211; B\u1ed9 Lao \u0111\u1ed9ng-Th\u01b0\u01a1ng binh X\u00e3 h\u1ed9i.<\/span><\/p><p style=\"text-align: left;\"><span style=\"color: #000080; font-size: 10pt;\">\u0110\u1ecba ch\u1ec9: S\u1ed1 3, Ng\u00f5 7, T\u00f4n Th\u1ea5t thuy\u1ebft, D\u1ecbch V\u1ecdng H\u1eadu, C\u1ea7u Gi\u1ea5y, H\u00e0 N\u1ed9i.<\/span><\/p><p style=\"text-align: left;\"><span style=\"color: #000080; font-size: 10pt;\">Website: https:\/\/quanhelaodong.molisa.gov.vn.<\/span><\/p><p style=\"text-align: left;\"><span style=\"color: #000080; font-size: 10pt;\">Email: cirdmolisa@gmail.com.<\/span><\/p><p style=\"text-align: left;\"><span style=\"color: #000080; font-size: 10pt; letter-spacing: 0px;\">Tel: 04 39369803.<\/span><\/p><p style=\"text-align: left;\"><span style=\"color: #000080; font-size: 10pt; letter-spacing: 0px;\">\u00a0<\/span><\/p>\t\t\t\t\t\t\t\t<\/div>\n\t\t\t\t<\/div>\n\t\t\t\t\t<\/div>\n\t\t<\/div>\n\t\t\t\t<div class=\"elementor-column elementor-col-33 elementor-top-column elementor-element elementor-element-fe02775\" data-id=\"fe02775\" data-element_type=\"column\" data-e-type=\"column\">\n\t\t\t<div class=\"elementor-widget-wrap elementor-element-populated\">\n\t\t\t\t\t\t<div class=\"elementor-element elementor-element-b9e917e e-grid-align-right e-grid-align-mobile-center elementor-shape-rounded elementor-grid-0 elementor-widget elementor-widget-social-icons\" data-id=\"b9e917e\" data-element_type=\"widget\" data-e-type=\"widget\" data-widget_type=\"social-icons.default\">\n\t\t\t\t<div class=\"elementor-widget-container\">\n\t\t\t\t\t\t\t<div class=\"elementor-social-icons-wrapper elementor-grid\" role=\"list\">\n\t\t\t\t\t\t\t<span class=\"elementor-grid-item\" role=\"listitem\">\n\t\t\t\t\t<a class=\"elementor-icon elementor-social-icon elementor-social-icon-facebook elementor-repeater-item-d5d3c68\" target=\"_blank\">\n\t\t\t\t\t\t<span class=\"elementor-screen-only\">Facebook<\/span>\n\t\t\t\t\t\t<i aria-hidden=\"true\" class=\"fab fa-facebook\"><\/i>\t\t\t\t\t<\/a>\n\t\t\t\t<\/span>\n\t\t\t\t\t\t\t<span class=\"elementor-grid-item\" role=\"listitem\">\n\t\t\t\t\t<a class=\"elementor-icon elementor-social-icon elementor-social-icon-twitter elementor-repeater-item-47d163b\" target=\"_blank\">\n\t\t\t\t\t\t<span class=\"elementor-screen-only\">Twitter<\/span>\n\t\t\t\t\t\t<i aria-hidden=\"true\" class=\"fab fa-twitter\"><\/i>\t\t\t\t\t<\/a>\n\t\t\t\t<\/span>\n\t\t\t\t\t\t\t<span class=\"elementor-grid-item\" role=\"listitem\">\n\t\t\t\t\t<a class=\"elementor-icon elementor-social-icon elementor-social-icon-youtube elementor-repeater-item-f70d48c\" target=\"_blank\">\n\t\t\t\t\t\t<span class=\"elementor-screen-only\">Youtube<\/span>\n\t\t\t\t\t\t<i aria-hidden=\"true\" class=\"fab fa-youtube\"><\/i>\t\t\t\t\t<\/a>\n\t\t\t\t<\/span>\n\t\t\t\t\t\t\t<span class=\"elementor-grid-item\" role=\"listitem\">\n\t\t\t\t\t<a class=\"elementor-icon elementor-social-icon elementor-social-icon-google-plus-g elementor-repeater-item-1108c23\" target=\"_blank\">\n\t\t\t\t\t\t<span class=\"elementor-screen-only\">Google-plus-g<\/span>\n\t\t\t\t\t\t<i aria-hidden=\"true\" class=\"fab fa-google-plus-g\"><\/i>\t\t\t\t\t<\/a>\n\t\t\t\t<\/span>\n\t\t\t\t\t<\/div>\n\t\t\t\t\t\t<\/div>\n\t\t\t\t<\/div>\n\t\t\t\t\t<\/div>\n\t\t<\/div>\n\t\t\t\t\t<\/div>\n\t\t<\/section>\n\t\t\t\t<section class=\"elementor-section elementor-top-section elementor-element elementor-element-5dc8e587 elementor-section-content-middle elementor-section-boxed elementor-section-height-default elementor-section-height-default\" data-id=\"5dc8e587\" data-element_type=\"section\" data-e-type=\"section\" data-settings=\"{&quot;background_background&quot;:&quot;classic&quot;}\">\n\t\t\t\t\t\t<div class=\"elementor-container elementor-column-gap-no\">\n\t\t\t\t\t<div class=\"elementor-column elementor-col-33 elementor-top-column elementor-element elementor-element-4a4a1ed4\" data-id=\"4a4a1ed4\" data-element_type=\"column\" data-e-type=\"column\">\n\t\t\t<div class=\"elementor-widget-wrap elementor-element-populated\">\n\t\t\t\t\t\t<div class=\"elementor-element elementor-element-2dfed760 elementor-widget elementor-widget-text-editor\" data-id=\"2dfed760\" data-element_type=\"widget\" data-e-type=\"widget\" data-widget_type=\"text-editor.default\">\n\t\t\t\t<div class=\"elementor-widget-container\">\n\t\t\t\t\t\t\t\t\t<p style=\"text-align: center;\">@2024 CIRD &#8211; Trung t\u00e2m h\u1ed7 tr\u1ee3 ph\u00e1t tri\u1ec3n quan h\u1ec7 lao \u0111\u1ed9ng<\/p>\t\t\t\t\t\t\t\t<\/div>\n\t\t\t\t<\/div>\n\t\t\t\t\t<\/div>\n\t\t<\/div>\n\t\t\t\t<div class=\"elementor-column elementor-col-33 elementor-top-column elementor-element elementor-element-19c5af4a\" data-id=\"19c5af4a\" data-element_type=\"column\" data-e-type=\"column\">\n\t\t\t<div class=\"elementor-widget-wrap\">\n\t\t\t\t\t\t\t<\/div>\n\t\t<\/div>\n\t\t\t\t<div class=\"elementor-column elementor-col-33 elementor-top-column elementor-element elementor-element-36fda54e\" data-id=\"36fda54e\" data-element_type=\"column\" data-e-type=\"column\">\n\t\t\t<div class=\"elementor-widget-wrap elementor-element-populated\">\n\t\t\t\t\t\t<div class=\"elementor-element elementor-element-73003797 elementor-widget elementor-widget-text-editor\" data-id=\"73003797\" data-element_type=\"widget\" data-e-type=\"widget\" data-widget_type=\"text-editor.default\">\n\t\t\t\t<div class=\"elementor-widget-container\">\n\t\t\t\t\t\t\t\t\t<p style=\"text-align: center;\">M\u1ecdi sao ch\u00e9p xin tr\u00edch d\u1eabn ngu\u1ed3n<\/p>\t\t\t\t\t\t\t\t<\/div>\n\t\t\t\t<\/div>\n\t\t\t\t\t<\/div>\n\t\t<\/div>\n\t\t\t\t\t<\/div>\n\t\t<\/section>\n\t\t\t\t<\/div>\n\t\t","protected":false},"excerpt":{"rendered":"<p>V\u1ec1 trang ch\u1ee7 T\u00e0i li\u1ec7u kh\u00e1c Ngu\u1ed3n d\u1eef li\u1ec7u: &#8230; M\u1edf r\u1ed9ng T\u01afL\u0110TT nh\u00f3m doanh nghi\u1ec7p T\u00e0i li\u1ec7u tham kh\u1ea3o &#8230; &#8230; &#8230; &#8230; &#8230; &#8230; Li\u00ean h\u1ec7: Trung t\u00e2m H\u1ed7 tr\u1ee3 ph\u00e1t tri\u1ec3n quan h\u1ec7 lao \u0111\u1ed9ng &#8211; C\u1ee5c Quan h\u1ec7 lao \u0111\u1ed9ng v\u00e0 Ti\u1ec1n l\u01b0\u01a1ng &#8211; B\u1ed9 Lao \u0111\u1ed9ng-Th\u01b0\u01a1ng binh X\u00e3 h\u1ed9i. \u0110\u1ecba&#8230;<\/p>\n","protected":false},"author":99,"featured_media":0,"parent":6362,"menu_order":5,"comment_status":"closed","ping_status":"closed","template":"elementor_canvas","meta":{"footnotes":""},"class_list":["post-7972","page","type-page","status-publish","hentry"],"_links":{"self":[{"href":"https:\/\/quanhelaodong.moha.gov.vn\/index.php?rest_route=\/wp\/v2\/pages\/7972","targetHints":{"allow":["GET"]}}],"collection":[{"href":"https:\/\/quanhelaodong.moha.gov.vn\/index.php?rest_route=\/wp\/v2\/pages"}],"about":[{"href":"https:\/\/quanhelaodong.moha.gov.vn\/index.php?rest_route=\/wp\/v2\/types\/page"}],"author":[{"embeddable":true,"href":"https:\/\/quanhelaodong.moha.gov.vn\/index.php?rest_route=\/wp\/v2\/users\/99"}],"replies":[{"embeddable":true,"href":"https:\/\/quanhelaodong.moha.gov.vn\/index.php?rest_route=%2Fwp%2Fv2%2Fcomments&post=7972"}],"version-history":[{"count":11,"href":"https:\/\/quanhelaodong.moha.gov.vn\/index.php?rest_route=\/wp\/v2\/pages\/7972\/revisions"}],"predecessor-version":[{"id":13134,"href":"https:\/\/quanhelaodong.moha.gov.vn\/index.php?rest_route=\/wp\/v2\/pages\/7972\/revisions\/13134"}],"up":[{"embeddable":true,"href":"https:\/\/quanhelaodong.moha.gov.vn\/index.php?rest_route=\/wp\/v2\/pages\/6362"}],"wp:attachment":[{"href":"https:\/\/quanhelaodong.moha.gov.vn\/index.php?rest_route=%2Fwp%2Fv2%2Fmedia&parent=7972"}],"curies":[{"name":"wp","href":"https:\/\/api.w.org\/{rel}","templated":true}]}}